{"id":14,"date":"2016-07-21T17:20:52","date_gmt":"2016-07-21T15:20:52","guid":{"rendered":"https:\/\/feldhof-tramin.com\/?page_id=14"},"modified":"2016-11-09T14:28:48","modified_gmt":"2016-11-09T13:28:48","slug":"kontakt","status":"publish","type":"page","link":"https:\/\/feldhof-tramin.com\/it\/kontakt\/","title":{"rendered":"Contatti"},"content":{"rendered":"<p><\/p>\n<h2>Richiesta e prenotazione online<\/h2>\n\n<div class=\"wpcf7 no-js\" id=\"wpcf7-f751-o2\" lang=\"de-DE\" dir=\"ltr\" data-wpcf7-id=\"751\">\n<div class=\"screen-reader-response\"><p role=\"status\" aria-live=\"polite\" aria-atomic=\"true\"><\/p> <ul><\/ul><\/div>\n<form action=\"\/it\/wp-json\/wp\/v2\/pages\/14#wpcf7-f751-o2\" method=\"post\" class=\"wpcf7-form init\" aria-label=\"Kontaktformular\" novalidate=\"novalidate\" data-status=\"init\">\n<fieldset class=\"hidden-fields-container\"><input type=\"hidden\" name=\"_wpcf7\" value=\"751\" \/><input type=\"hidden\" name=\"_wpcf7_version\" value=\"6.1.5\" \/><input type=\"hidden\" name=\"_wpcf7_locale\" value=\"de_DE\" \/><input type=\"hidden\" name=\"_wpcf7_unit_tag\" value=\"wpcf7-f751-o2\" \/><input type=\"hidden\" name=\"_wpcf7_container_post\" value=\"0\" \/><input type=\"hidden\" name=\"_wpcf7_posted_data_hash\" value=\"\" \/>\n<\/fieldset>\n<p>Richiesta o prenotazione? <span class=\"wpcf7-form-control-wrap\" data-name=\"Anfrage\"><span class=\"wpcf7-form-control wpcf7-radio\"><span class=\"wpcf7-list-item first\"><span class=\"wpcf7-list-item-label\">richiesta<\/span><input type=\"radio\" name=\"Anfrage\" value=\"richiesta\" checked=\"checked\" \/><\/span><span class=\"wpcf7-list-item last\"><span class=\"wpcf7-list-item-label\">prenotazione<\/span><input type=\"radio\" name=\"Anfrage\" value=\"prenotazione\" \/><\/span><\/span><\/span>\n<\/p>\n<p><span class=\"wpcf7-form-control-wrap\" data-name=\"Name\"><input size=\"40\" maxlength=\"400\" class=\"wpcf7-form-control wpcf7-text wpcf7-validates-as-required\" aria-required=\"true\" aria-invalid=\"false\" placeholder=\"nome e cognome* (obbligatorio)\" value=\"\" type=\"text\" name=\"Name\" \/><\/span>\n<\/p>\n<p><span class=\"wpcf7-form-control-wrap\" data-name=\"your-email\"><input size=\"40\" maxlength=\"400\" class=\"wpcf7-form-control wpcf7-email wpcf7-validates-as-required wpcf7-text wpcf7-validates-as-email\" aria-required=\"true\" aria-invalid=\"false\" placeholder=\"indirizzo email* (obbligatorio)\" value=\"\" type=\"email\" name=\"your-email\" \/><\/span>\n<\/p>\n<p><span class=\"wpcf7-form-control-wrap\" data-name=\"Strasse\"><input size=\"40\" maxlength=\"400\" class=\"wpcf7-form-control wpcf7-text\" aria-invalid=\"false\" placeholder=\"via\" value=\"\" type=\"text\" name=\"Strasse\" \/><\/span>\n<\/p>\n<p><span class=\"wpcf7-form-control-wrap\" data-name=\"Postleitzahl\"><input size=\"40\" maxlength=\"400\" class=\"wpcf7-form-control wpcf7-text\" aria-invalid=\"false\" placeholder=\"CAP\" value=\"\" type=\"text\" name=\"Postleitzahl\" \/><\/span>\n<\/p>\n<p><span class=\"wpcf7-form-control-wrap\" data-name=\"Wohnort\"><input size=\"40\" maxlength=\"400\" class=\"wpcf7-form-control wpcf7-text\" aria-invalid=\"false\" placeholder=\"localit\u00e0\" value=\"\" type=\"text\" name=\"Wohnort\" \/><\/span>\n<\/p>\n<p>paese <span class=\"wpcf7-form-control-wrap\" data-name=\"Land\"><select class=\"wpcf7-form-control wpcf7-select\" aria-invalid=\"false\" name=\"Land\"><option value=\"Afghanistan\">Afghanistan<\/option><option value=\"Albania\">Albania<\/option><option value=\"Algeria\">Algeria<\/option><option value=\"American Samoa\">American Samoa<\/option><option value=\"Andorra\">Andorra<\/option><option value=\"Angola\">Angola<\/option><option value=\"Antigua\">Antigua<\/option><option value=\"Antille\">Antille<\/option><option value=\"Apolide\">Apolide<\/option><option value=\"Arabia Saudita\">Arabia Saudita<\/option><option value=\"Argentina\">Argentina<\/option><option value=\"Armenia\">Armenia<\/option><option value=\"Aruba\">Aruba<\/option><option value=\"Australia\">Australia<\/option><option value=\"Austria\">Austria<\/option><option value=\"Azerbaijan\">Azerbaijan<\/option><option value=\"Bahamas\">Bahamas<\/option><option value=\"Bahrain\">Bahrain<\/option><option value=\"Bangladesh\">Bangladesh<\/option><option value=\"Barbados\">Barbados<\/option><option value=\"Belgio\">Belgio<\/option><option value=\"Belize\">Belize<\/option><option value=\"Benin\">Benin<\/option><option value=\"Bermuda\">Bermuda<\/option><option value=\"Bhutan\">Bhutan<\/option><option value=\"Bielorussia\">Bielorussia<\/option><option value=\"Birmania\/Myanmar\">Birmania\/Myanmar<\/option><option value=\"Bohemia\">Bohemia<\/option><option value=\"Bolivia\">Bolivia<\/option><option value=\"Bosnia-Herzegovina\">Bosnia-Herzegovina<\/option><option value=\"Botswana\">Botswana<\/option><option value=\"Brasile\">Brasile<\/option><option value=\"Brunei\">Brunei<\/option><option value=\"Bulgaria\">Bulgaria<\/option><option value=\"Burkina Faso\">Burkina Faso<\/option><option value=\"Burundi\">Burundi<\/option><option value=\"CSI\">CSI<\/option><option value=\"Cambogia\">Cambogia<\/option><option value=\"Camerun\">Camerun<\/option><option value=\"Canada\">Canada<\/option><option value=\"Capo Verde\">Capo Verde<\/option><option value=\"Cecoslovacchia\">Cecoslovacchia<\/option><option value=\"Chad\">Chad<\/option><option value=\"Cile\">Cile<\/option><option value=\"Cina\">Cina<\/option><option value=\"Cipro\">Cipro<\/option><option value=\"Colombia\">Colombia<\/option><option value=\"Comore\">Comore<\/option><option value=\"Corea\">Corea<\/option><option value=\"Corea del Nord\">Corea del Nord<\/option><option value=\"Costa Rica\">Costa Rica<\/option><option value=\"Costa d&#039;Avorio\">Costa d&#039;Avorio<\/option><option value=\"Croazia\">Croazia<\/option><option value=\"Cuba\">Cuba<\/option><option value=\"Danimarca\">Danimarca<\/option><option value=\"Djibouti\">Djibouti<\/option><option value=\"Dominica\">Dominica<\/option><option value=\"Ecuador\">Ecuador<\/option><option value=\"Egitto\">Egitto<\/option><option value=\"El Salvador\">El Salvador<\/option><option value=\"Emirati Arabi\">Emirati Arabi<\/option><option value=\"Eritrea\">Eritrea<\/option><option value=\"Estonia\">Estonia<\/option><option value=\"Etiopia\">Etiopia<\/option><option value=\"Fiji\">Fiji<\/option><option value=\"Filippine\">Filippine<\/option><option value=\"Finlandia\">Finlandia<\/option><option value=\"Francia\">Francia<\/option><option value=\"Gabon\">Gabon<\/option><option value=\"Gambia\">Gambia<\/option><option value=\"Georgia\">Georgia<\/option><option value=\"Germania\">Germania<\/option><option value=\"Ghana\">Ghana<\/option><option value=\"Giamaica\">Giamaica<\/option><option value=\"Giappone\">Giappone<\/option><option value=\"Giordania\">Giordania<\/option><option value=\"Grecia\">Grecia<\/option><option value=\"Grenada\">Grenada<\/option><option value=\"Guam\">Guam<\/option><option value=\"Guatemala\">Guatemala<\/option><option value=\"Guinea\">Guinea<\/option><option value=\"Guinea-Bissau\">Guinea-Bissau<\/option><option value=\"Guinea Equatoriale\">Guinea Equatoriale<\/option><option value=\"Guyana Britannica\">Guyana Britannica<\/option><option value=\"Haiti\">Haiti<\/option><option value=\"Honduras\">Honduras<\/option><option value=\"Hong-Kong\">Hong-Kong<\/option><option value=\"India\">India<\/option><option value=\"Indonesia\">Indonesia<\/option><option value=\"Iran\">Iran<\/option><option value=\"Iraq\">Iraq<\/option><option value=\"Irlanda\">Irlanda<\/option><option value=\"Islanda\">Islanda<\/option><option value=\"Isole Cayman\">Isole Cayman<\/option><option value=\"Isole Cook\">Isole Cook<\/option><option value=\"Isole Maurizie\">Isole Maurizie<\/option><option value=\"Isole Solomon\">Isole Solomon<\/option><option value=\"Isole Vergini\">Isole Vergini<\/option><option value=\"Isole Vergini Britanniche\">Isole Vergini Britanniche<\/option><option value=\"Israele\">Israele<\/option><option value=\"Italia\">Italia<\/option><option value=\"Kazakistan\">Kazakistan<\/option><option value=\"Kenya\">Kenya<\/option><option value=\"Kiribati\">Kiribati<\/option><option value=\"Kuwait\">Kuwait<\/option><option value=\"Kyrgyzstan\">Kyrgyzstan<\/option><option value=\"Laos\">Laos<\/option><option value=\"Lesotho\">Lesotho<\/option><option value=\"Lettonia\">Lettonia<\/option><option value=\"Libano\">Libano<\/option><option value=\"Liberia\">Liberia<\/option><option value=\"Libia\">Libia<\/option><option value=\"Liechtenstein\">Liechtenstein<\/option><option value=\"Lituania\">Lituania<\/option><option value=\"Lussemburgo\">Lussemburgo<\/option><option value=\"Macao\">Macao<\/option><option value=\"Macedonia\">Macedonia<\/option><option value=\"Madagascar\">Madagascar<\/option><option value=\"Malawi\">Malawi<\/option><option value=\"Malaysia\">Malaysia<\/option><option value=\"Maldive\">Maldive<\/option><option value=\"Mali\">Mali<\/option><option value=\"Malte\">Malte<\/option><option value=\"Marocco\">Marocco<\/option><option value=\"Mauritania\">Mauritania<\/option><option value=\"Messico\">Messico<\/option><option value=\"Micronesia\">Micronesia<\/option><option value=\"Moldavia\">Moldavia<\/option><option value=\"Mongolia\">Mongolia<\/option><option value=\"Montenegro\">Montenegro<\/option><option value=\"Mozambico\">Mozambico<\/option><option value=\"Namibie\">Namibie<\/option><option value=\"Nepal\">Nepal<\/option><option value=\"Nicaragua\">Nicaragua<\/option><option value=\"Niger\">Niger<\/option><option value=\"Nigeria\">Nigeria<\/option><option value=\"Norvegia\">Norvegia<\/option><option value=\"Nuova Zelanda\">Nuova Zelanda<\/option><option value=\"Oman\">Oman<\/option><option value=\"Paesi Bassi\">Paesi Bassi<\/option><option value=\"Pakistan\">Pakistan<\/option><option value=\"Palestina\">Palestina<\/option><option value=\"Panama\">Panama<\/option><option value=\"Papua Nuova Guinea\">Papua Nuova Guinea<\/option><option value=\"Paraguay\">Paraguay<\/option><option value=\"Peru\">Peru<\/option><option value=\"Polonia\">Polonia<\/option><option value=\"Porto Rico\">Porto Rico<\/option><option value=\"Portogallo\">Portogallo<\/option><option value=\"Principato di Monaco\">Principato di Monaco<\/option><option value=\"Qatar\">Qatar<\/option><option value=\"Regno Unito\">Regno Unito<\/option><option value=\"Repubblica Ceca\">Repubblica Ceca<\/option><option value=\"Repubblica Centrafricana\">Repubblica Centrafricana<\/option><option value=\"Repubblica Dominicana\">Repubblica Dominicana<\/option><option value=\"Repubblica del Congo\">Repubblica del Congo<\/option><option value=\"Repubblica dello Zaire\">Repubblica dello Zaire<\/option><option value=\"Repubbliche Arabe Unite\">Repubbliche Arabe Unite<\/option><option value=\"Romania\">Romania<\/option><option value=\"Ruanda\">Ruanda<\/option><option value=\"Russia\">Russia<\/option><option value=\"Saint Kitts and Nevis\">Saint Kitts and Nevis<\/option><option value=\"Samoa\">Samoa<\/option><option value=\"San Marino\">San Marino<\/option><option value=\"Santa Lucia\">Santa Lucia<\/option><option value=\"Sao Tom\u00e9 e Principe\">Sao Tom\u00e9 e Principe<\/option><option value=\"Sarre\">Sarre<\/option><option value=\"Scozia\">Scozia<\/option><option value=\"Senegal\">Senegal<\/option><option value=\"Serbia\">Serbia<\/option><option value=\"Seychelles\">Seychelles<\/option><option value=\"Sierra Leone\">Sierra Leone<\/option><option value=\"Singapore\">Singapore<\/option><option value=\"Siria\">Siria<\/option><option value=\"Slovacchia\">Slovacchia<\/option><option value=\"Slovenia\">Slovenia<\/option><option value=\"Somalia\">Somalia<\/option><option value=\"Spagna\">Spagna<\/option><option value=\"Sri Lanka\">Sri Lanka<\/option><option value=\"St Vincent\">St Vincent<\/option><option value=\"Stai Uniti d&#039;America\">Stai Uniti d&#039;America<\/option><option value=\"Sudafrica\">Sudafrica<\/option><option value=\"Sudan\">Sudan<\/option><option value=\"Suriname\">Suriname<\/option><option value=\"Svezia\">Svezia<\/option><option value=\"Svizzera\">Svizzera<\/option><option value=\"Swaziland\">Swaziland<\/option><option value=\"Tailandia\">Tailandia<\/option><option value=\"Taiwan\">Taiwan<\/option><option value=\"Tajikistan\">Tajikistan<\/option><option value=\"Tanzania\">Tanzania<\/option><option value=\"Togo\">Togo<\/option><option value=\"Tonga\">Tonga<\/option><option value=\"Trinidad e Tobago\">Trinidad e Tobago<\/option><option value=\"Tunisia\">Tunisia<\/option><option value=\"Turchia\">Turchia<\/option><option value=\"Turkmenistan\">Turkmenistan<\/option><option value=\"Ucraina\">Ucraina<\/option><option value=\"Uganda\">Uganda<\/option><option value=\"Ungheria\">Ungheria<\/option><option value=\"Unified Team\">Unified Team<\/option><option value=\"Uruguay\">Uruguay<\/option><option value=\"Uzbekistan\">Uzbekistan<\/option><option value=\"Vanuatu\">Vanuatu<\/option><option value=\"Venezuela\">Venezuela<\/option><option value=\"Vietnam\">Vietnam<\/option><option value=\"Yemen Arabico\">Yemen Arabico<\/option><option value=\"Zambia\">Zambia<\/option><option value=\"Zimbabwe\">Zimbabwe<\/option><\/select><\/span>\n<\/p>\n<p><span class=\"wpcf7-form-control-wrap\" data-name=\"Telefon\"><input size=\"40\" maxlength=\"400\" class=\"wpcf7-form-control wpcf7-tel wpcf7-text wpcf7-validates-as-tel\" aria-invalid=\"false\" placeholder=\"telefono \/ fax\" value=\"\" type=\"tel\" name=\"Telefon\" \/><\/span>\n<\/p>\n<p>giorno d'arrivo: <span class=\"wpcf7-form-control-wrap\" data-name=\"anreise\"><input size=\"40\" maxlength=\"400\" class=\"wpcf7-form-control wpcf7-text anreise\" aria-invalid=\"false\" value=\"\" type=\"text\" name=\"anreise\" \/><\/span>\n<\/p>\n<p>giorno di partenza: <span class=\"wpcf7-form-control-wrap\" data-name=\"abreise\"><input size=\"40\" maxlength=\"400\" class=\"wpcf7-form-control wpcf7-text abreise\" aria-invalid=\"false\" value=\"\" type=\"text\" name=\"abreise\" \/><\/span>\n<\/p>\n<p>n\u00b0 adulti <span class=\"wpcf7-form-control-wrap\" data-name=\"AnzahlErwachsene\"><select class=\"wpcf7-form-control wpcf7-select\" aria-invalid=\"false\" name=\"AnzahlErwachsene\"><option value=\"2\">2<\/option><option value=\"3\">3<\/option><option value=\"4\">4<\/option><option value=\"5\">5<\/option><option value=\"6\">6<\/option><option value=\"7\">7<\/option><option value=\"8\">8<\/option><option value=\"9\">9<\/option><option value=\"10\">10<\/option><option value=\"11\">11<\/option><option value=\"12\">12<\/option><option value=\"13\">13<\/option><option value=\"14\">14<\/option><option value=\"15\">15<\/option><option value=\"16\">16<\/option><option value=\"17\">17<\/option><option value=\"18\">18<\/option><option value=\"19\">19<\/option><option value=\"20\">20<\/option><option value=\"21\">21<\/option><option value=\"22\">22<\/option><option value=\"23\">23<\/option><option value=\"24\">24<\/option><option value=\"25\">25<\/option><option value=\"26\">26<\/option><option value=\"27\">27<\/option><option value=\"28\">28<\/option><option value=\"29\">29<\/option><option value=\"30\">30<\/option><\/select><\/span>\n<\/p>\n<p>n\u00b0 bimbi <span class=\"wpcf7-form-control-wrap\" data-name=\"AnzahlKinder\"><select class=\"wpcf7-form-control wpcf7-select\" aria-invalid=\"false\" name=\"AnzahlKinder\"><option value=\"0\">0<\/option><option value=\"1\">1<\/option><option value=\"2\">2<\/option><option value=\"3\">3<\/option><option value=\"4\">4<\/option><option value=\"5\">5<\/option><option value=\"6\">6<\/option><option value=\"7\">7<\/option><option value=\"8\">8<\/option><option value=\"9\">9<\/option><option value=\"10\">10<\/option><option value=\"11\">11<\/option><option value=\"12\">12<\/option><option value=\"13\">13<\/option><option value=\"14\">14<\/option><option value=\"15\">15<\/option><option value=\"16\">16<\/option><option value=\"17\">17<\/option><option value=\"18\">18<\/option><option value=\"19\">19<\/option><option value=\"20\">20<\/option><option value=\"21\">21<\/option><option value=\"22\">22<\/option><option value=\"23\">23<\/option><option value=\"24\">24<\/option><option value=\"25\">25<\/option><option value=\"26\">26<\/option><option value=\"27\">27<\/option><option value=\"28\">28<\/option><option value=\"29\">29<\/option><option value=\"30\">30<\/option><\/select><\/span>\n<\/p>\n<p><span class=\"wpcf7-form-control-wrap\" data-name=\"AlterKinder\"><input size=\"40\" maxlength=\"400\" class=\"wpcf7-form-control wpcf7-text\" aria-invalid=\"false\" placeholder=\"et\u00e0 dei bambini\" value=\"\" type=\"text\" name=\"AlterKinder\" \/><\/span>\n<\/p>\n<p><span class=\"wpcf7-form-control-wrap\" data-name=\"Ferienwohnung\"><select class=\"wpcf7-form-control wpcf7-select\" aria-invalid=\"false\" name=\"Ferienwohnung\"><option value=\"appartamento al Gutshof Rellich\">appartamento al Gutshof Rellich<\/option><option value=\"appartamento al Feldhof\">appartamento al Feldhof<\/option><\/select><\/span>\n<\/p>\n<p>vostro messaggio, informazioni<br \/>\n<span class=\"wpcf7-form-control-wrap\" data-name=\"nachricht\"><textarea cols=\"40\" rows=\"10\" maxlength=\"2000\" class=\"wpcf7-form-control wpcf7-textarea\" aria-invalid=\"false\" name=\"nachricht\"><\/textarea><\/span>\n<\/p>\n<p><span class=\"wpcf7-form-control-wrap\" data-name=\"Privacy\"><span class=\"wpcf7-form-control wpcf7-acceptance\"><span class=\"wpcf7-list-item\"><input type=\"checkbox\" name=\"Privacy\" value=\"1\" checked=\"checked\" aria-invalid=\"false\" \/><\/span><\/span><\/span> Informativa ex Art. 10 e 13 Legge No. 675\/96- legge della privacy<br \/>\nAi sensi dell\u2019Art. 10 Legge No. 675 del 30\/12\/1996 sulla privacy, rendiamo qui noto che i dati inviatigli saranno trattati su supporti magnetici e cartacei, al fine di soddisfare le vostre richieste. Titolare del suddetto trattamento \u00e8 Feldhof Tramin con sede a 39040 Termeno. Cliccando sul pulsante sottostante (invia), accettate il trattamento dei dati. Il vostro consenso \u00e8 facoltativo, ma se non lo impartite sar\u00e0 impossibile trasmettere i dati. \u00c8 vostro diritto opporvi in parte o interamente al trattamento dei dati, applicando quanto previsto dall\u2019Art. 13 Legge 675\/96. Feldhof Tramin garantisce di trattare con la massima riservatezza le informazioni da voi inserite.\n<\/p>\n<p><input class=\"wpcf7-form-control wpcf7-submit has-spinner\" type=\"submit\" value=\"invia\" \/>\n<\/p><div class=\"wpcf7-response-output\" aria-hidden=\"true\"><\/div>\n<\/form>\n<\/div>\n\n<p>&nbsp;<\/p>","protected":false},"excerpt":{"rendered":"<p>Richiesta e prenotazione online &nbsp;<\/p>\n","protected":false},"author":1,"featured_media":0,"parent":0,"menu_order":0,"comment_status":"closed","ping_status":"closed","template":"","meta":{"pgc_sgb_lightbox_settings":"","footnotes":""},"class_list":["post-14","page","type-page","status-publish","hentry"],"_links":{"self":[{"href":"https:\/\/feldhof-tramin.com\/it\/wp-json\/wp\/v2\/pages\/14","targetHints":{"allow":["GET"]}}],"collection":[{"href":"https:\/\/feldhof-tramin.com\/it\/wp-json\/wp\/v2\/pages"}],"about":[{"href":"https:\/\/feldhof-tramin.com\/it\/wp-json\/wp\/v2\/types\/page"}],"author":[{"embeddable":true,"href":"https:\/\/feldhof-tramin.com\/it\/wp-json\/wp\/v2\/users\/1"}],"replies":[{"embeddable":true,"href":"https:\/\/feldhof-tramin.com\/it\/wp-json\/wp\/v2\/comments?post=14"}],"version-history":[{"count":6,"href":"https:\/\/feldhof-tramin.com\/it\/wp-json\/wp\/v2\/pages\/14\/revisions"}],"predecessor-version":[{"id":2197,"href":"https:\/\/feldhof-tramin.com\/it\/wp-json\/wp\/v2\/pages\/14\/revisions\/2197"}],"wp:attachment":[{"href":"https:\/\/feldhof-tramin.com\/it\/wp-json\/wp\/v2\/media?parent=14"}],"curies":[{"name":"wp","href":"https:\/\/api.w.org\/{rel}","templated":true}]}}